{"id":380,"date":"2021-02-05T12:55:18","date_gmt":"2021-02-05T11:55:18","guid":{"rendered":"http:\/\/blogs.uni-siegen.de\/sieguver\/?page_id=380"},"modified":"2021-03-09T13:46:39","modified_gmt":"2021-03-09T12:46:39","slug":"fuer-vereine","status":"publish","type":"page","link":"https:\/\/blogs.uni-siegen.de\/sieguver\/sieguver-angebote\/fuer-vereine\/","title":{"rendered":"F\u00fcr Vereine"},"content":{"rendered":"<div id=\"pl-380\"  class=\"panel-layout\" ><div id=\"pg-380-0\"  class=\"panel-grid panel-has-style\" ><div class=\"siteorigin-panels-stretch panel-row-style panel-row-style-for-380-0\" data-stretch-type=\"full-stretched\" ><div id=\"pgc-380-0-0\"  class=\"panel-grid-cell\" ><div id=\"panel-380-0-0-0\" class=\"so-panel widget widget_sow-hero panel-first-child\" data-index=\"0\" ><div\n\t\t\t\n\t\t\tclass=\"so-widget-sow-hero so-widget-sow-hero-default-205177196474-380 so-widget-fittext-wrapper\"\n\t\t\t\n\t\t>\t\t\t\t<div class=\"sow-slider-base\" style=\"display: none\" tabindex=\"0\">\n\t\t\t\t\t<ul\n\t\t\t\t\tclass=\"sow-slider-images\"\n\t\t\t\t\tdata-settings=\"{&quot;pagination&quot;:true,&quot;speed&quot;:800,&quot;timeout&quot;:8000,&quot;paused&quot;:false,&quot;pause_on_hover&quot;:false,&quot;swipe&quot;:true,&quot;nav_always_show_desktop&quot;:&quot;&quot;,&quot;nav_always_show_mobile&quot;:&quot;&quot;,&quot;breakpoint&quot;:&quot;780px&quot;,&quot;unmute&quot;:false,&quot;anchor&quot;:null}\"\n\t\t\t\t\t\t\t\t\t\tdata-anchor-id=\"\"\n\t\t\t\t>\t\t<li class=\"sow-slider-image  sow-slider-image-cover\" style=\"visibility: visible;;background-color: #333333;background-image: url(https:\/\/blogs.uni-siegen.de\/sieguver\/files\/2021\/03\/pexels-fauxels-3184396-scaled.jpg)\" >\n\t\t\t\t\t<div class=\"sow-slider-image-container\">\n\t\t\t<div class=\"sow-slider-image-wrapper\">\n\t\t\t\t<h1 style=\"text-align: center\"><strong>Sejerl\u00e4nner Vielfalt<\/strong><\/h1>\n\t\t\t<\/div>\n\t\t<\/div>\n\t\t\t\t<\/li>\n\t\t<\/ul>\t\t\t\t<ol class=\"sow-slider-pagination\">\n\t\t\t\t\t\t\t\t\t\t\t<li><a href=\"#\" data-goto=\"0\" aria-label=\"Display slide 1\"><\/a><\/li>\n\t\t\t\t\t\t\t\t\t<\/ol>\n\n\t\t\t\t<div class=\"sow-slide-nav sow-slide-nav-next\">\n\t\t\t\t\t<a href=\"#\" data-goto=\"next\" aria-label=\"Next slide\" data-action=\"next\">\n\t\t\t\t\t\t<em class=\"sow-sld-icon-thin-right\"><\/em>\n\t\t\t\t\t<\/a>\n\t\t\t\t<\/div>\n\n\t\t\t\t<div class=\"sow-slide-nav sow-slide-nav-prev\">\n\t\t\t\t\t<a href=\"#\" data-goto=\"previous\" aria-label=\"Previous slide\" data-action=\"prev\">\n\t\t\t\t\t\t<em class=\"sow-sld-icon-thin-left\"><\/em>\n\t\t\t\t\t<\/a>\n\t\t\t\t<\/div>\n\t\t\t\t<\/div><\/div><\/div><div id=\"panel-380-0-0-1\" class=\"so-panel widget widget_sow-headline panel-last-child\" data-index=\"1\" ><div\n\t\t\t\n\t\t\tclass=\"so-widget-sow-headline so-widget-sow-headline-default-ea0af4cf39ae-380\"\n\t\t\t\n\t\t><div class=\"sow-headline-container \">\n\t\t\t\t\t\t\t<h1 class=\"sow-headline\">\n\t\t\t\t\t\tWas wir tun\t\t\t\t\t\t<\/h1>\n\t\t\t\t\t\t\t\t\t\t\t<div class=\"decoration\">\n\t\t\t\t\t\t<div class=\"decoration-inside\"><\/div>\n\t\t\t\t\t<\/div>\n\t\t\t\t\t<\/div>\n<\/div><\/div><\/div><\/div><\/div><div id=\"pg-380-1\"  class=\"panel-grid panel-no-style\" ><div id=\"pgc-380-1-0\"  class=\"panel-grid-cell\" ><div id=\"panel-380-1-0-0\" class=\"so-panel widget widget_sow-editor panel-first-child panel-last-child\" data-index=\"2\" ><div\n\t\t\t\n\t\t\tclass=\"so-widget-sow-editor so-widget-sow-editor-base\"\n\t\t\t\n\t\t>\n<div class=\"siteorigin-widget-tinymce textwidget\">\n\t<p>SieguVer bietet Ihrem Verein die M\u00f6glichkeit mit internationalen Studierenden in Kontakt zukommen. Knapp 1500 internationale Studierende studieren zur Zeit in Siegen. Die Bereitschaft sich zu engagieren ist bei vielen Studierenden sehr hoch. Wir m\u00f6chten die Br\u00fccke schlagen zwischen Ihnen und motivierten Studierenden, die sich f\u00fcr unsere Region einsetzen m\u00f6chten.<\/p>\n<h3><strong>Was bringen internationale Studierende in die Vereine mit?\u00a0<\/strong><\/h3>\n<ul>\n<li>neue kreative Ideen<\/li>\n<li>neue Wege an Probleme zu l\u00f6sen<\/li>\n<li>hohe Vernetzung unter den Studierenden -&gt; potentielle Mitglieder<\/li>\n<li>hohe Motivationsbereitschaft<\/li>\n<li>zus\u00e4tzliches interkulturelles Wissen<\/li>\n<\/ul>\n<h3><strong>Wie k\u00f6nnen Sie als Verein mit machen?<\/strong><\/h3>\n<p><strong>Engagement-Talk:<\/strong> SieguVer veranstaltet regelm\u00e4\u00dfig einen Engagement-Talk. Studierende kommen in lockerer Atmosph\u00e4re mit Ihnen oder Vertreter*innen Ihres Vereins in Kontakt. Sie sind dazu eingeladen Ihren Verein\/Organisation und dessen M\u00f6glichkeiten f\u00fcr eine ehrenamtliche T\u00e4tigkeit vorzustellen.<\/p>\n<p>Aktuelle Termine f\u00fcr den Engagement-Talk finden Sie in unserem <a href=\"https:\/\/blogs.uni-siegen.de\/sieguver\/veranstaltungskalender\/\">Veranstaltungskalender<\/a><\/p>\n<p>&nbsp;<\/p>\n<p>&nbsp;<\/p>\n<p>Foto von\u00a0<strong><a href=\"https:\/\/www.pexels.com\/de-de\/@fauxels?utm_content=attributionCopyText&amp;utm_medium=referral&amp;utm_source=pexels\">fauxels<\/a><\/strong>\u00a0von\u00a0<strong><a href=\"https:\/\/www.pexels.com\/de-de\/foto\/foto-von-menschen-in-der-nahe-von-holztisch-3184418\/?utm_content=attributionCopyText&amp;utm_medium=referral&amp;utm_source=pexels\">Pexels<\/a><\/strong><\/p>\n<\/div>\n<\/div><\/div><\/div><\/div><div id=\"pg-380-2\"  class=\"panel-grid panel-has-style\" ><div class=\"panel-row-style panel-row-style-for-380-2\" ><div id=\"pgc-380-2-0\"  class=\"panel-grid-cell panel-grid-cell-empty panel-grid-cell-mobile-last\" ><\/div><div id=\"pgc-380-2-1\"  class=\"panel-grid-cell panel-grid-cell-empty\" ><\/div><\/div><\/div><\/div>","protected":false},"excerpt":{"rendered":"<p>SieguVer bietet Ihrem Verein die M\u00f6glichkeit mit internationalen Studierenden in Kontakt zukommen. Knapp 1500 internationale Studierende studieren zur Zeit in Siegen. Die Bereitschaft sich zu engagieren ist bei vielen Studierenden sehr hoch. Wir m\u00f6chten die Br\u00fccke schlagen zwischen Ihnen und motivierten Studierenden, die sich f\u00fcr unsere Region einsetzen m\u00f6chten. Was bringen internationale Studierende in die &hellip; <\/p>\n<p class=\"link-more\"><a href=\"https:\/\/blogs.uni-siegen.de\/sieguver\/sieguver-angebote\/fuer-vereine\/\" class=\"more-link\"><span class=\"screen-reader-text\">\u201eF\u00fcr Vereine\u201c <\/span>weiterlesen<\/a><\/p>\n","protected":false},"author":467,"featured_media":0,"parent":374,"menu_order":2,"comment_status":"closed","ping_status":"closed","template":"","meta":{"footnotes":""},"class_list":["post-380","page","type-page","status-publish","hentry"],"_links":{"self":[{"href":"https:\/\/blogs.uni-siegen.de\/sieguver\/wp-json\/wp\/v2\/pages\/380","targetHints":{"allow":["GET"]}}],"collection":[{"href":"https:\/\/blogs.uni-siegen.de\/sieguver\/wp-json\/wp\/v2\/pages"}],"about":[{"href":"https:\/\/blogs.uni-siegen.de\/sieguver\/wp-json\/wp\/v2\/types\/page"}],"author":[{"embeddable":true,"href":"https:\/\/blogs.uni-siegen.de\/sieguver\/wp-json\/wp\/v2\/users\/467"}],"replies":[{"embeddable":true,"href":"https:\/\/blogs.uni-siegen.de\/sieguver\/wp-json\/wp\/v2\/comments?post=380"}],"version-history":[{"count":6,"href":"https:\/\/blogs.uni-siegen.de\/sieguver\/wp-json\/wp\/v2\/pages\/380\/revisions"}],"predecessor-version":[{"id":809,"href":"https:\/\/blogs.uni-siegen.de\/sieguver\/wp-json\/wp\/v2\/pages\/380\/revisions\/809"}],"up":[{"embeddable":true,"href":"https:\/\/blogs.uni-siegen.de\/sieguver\/wp-json\/wp\/v2\/pages\/374"}],"wp:attachment":[{"href":"https:\/\/blogs.uni-siegen.de\/sieguver\/wp-json\/wp\/v2\/media?parent=380"}],"curies":[{"name":"wp","href":"https:\/\/api.w.org\/{rel}","templated":true}]}}