{"id":844,"date":"2021-03-18T17:28:45","date_gmt":"2021-03-18T16:28:45","guid":{"rendered":"http:\/\/blogs.uni-siegen.de\/sieguver\/?page_id=844"},"modified":"2025-08-06T11:42:38","modified_gmt":"2025-08-06T09:42:38","slug":"fit-employability-pass","status":"publish","type":"page","link":"https:\/\/blogs.uni-siegen.de\/sieguver\/sieguver-angebote\/kontakt-zu-internationalen-talenten\/fit-employability-pass\/","title":{"rendered":"FIT Employability Pass"},"content":{"rendered":"<div id=\"pl-844\"  class=\"panel-layout\" ><div id=\"pg-844-0\"  class=\"panel-grid panel-has-style\" ><div class=\"siteorigin-panels-stretch panel-row-style panel-row-style-for-844-0\" data-stretch-type=\"full-width-stretch\" ><div id=\"pgc-844-0-0\"  class=\"panel-grid-cell\" ><div id=\"panel-844-0-0-0\" class=\"so-panel widget widget_sow-hero panel-first-child\" data-index=\"0\" ><div\n\t\t\t\n\t\t\tclass=\"so-widget-sow-hero so-widget-sow-hero-default-c21363037ee9-844\"\n\t\t\t\n\t\t>\t\t\t\t<div class=\"sow-slider-base\" style=\"display: none\" tabindex=\"0\">\n\t\t\t\t\t<ul\n\t\t\t\t\tclass=\"sow-slider-images\"\n\t\t\t\t\tdata-settings=\"{&quot;pagination&quot;:true,&quot;speed&quot;:800,&quot;timeout&quot;:8000,&quot;paused&quot;:false,&quot;pause_on_hover&quot;:false,&quot;swipe&quot;:true,&quot;nav_always_show_desktop&quot;:&quot;&quot;,&quot;nav_always_show_mobile&quot;:&quot;&quot;,&quot;breakpoint&quot;:&quot;780px&quot;,&quot;unmute&quot;:false,&quot;anchor&quot;:null}\"\n\t\t\t\t\tstyle=\"min-height: 0px\"\t\t\t\t\tdata-anchor-id=\"\"\n\t\t\t\t>\t\t<li class=\"sow-slider-image  sow-slider-image-cover\" style=\"visibility: visible;;background-color: #333333;background-image: url(https:\/\/blogs.uni-siegen.de\/sieguver\/files\/2021\/03\/pexels-scott-webb-2117938-1024x608.jpg)\" >\n\t\t\t\t\t<div class=\"sow-slider-image-container\">\n\t\t\t<div class=\"sow-slider-image-wrapper\">\n\t\t\t\t<h1 style=\"text-align: center\"><strong>Ihre Vorteile<\/strong><\/h1>\n\t\t\t<\/div>\n\t\t<\/div>\n\t\t\t\t<\/li>\n\t\t<\/ul>\t\t\t\t<ol class=\"sow-slider-pagination\">\n\t\t\t\t\t\t\t\t\t\t\t<li><a href=\"#\" data-goto=\"0\" aria-label=\"Display slide 1\"><\/a><\/li>\n\t\t\t\t\t\t\t\t\t<\/ol>\n\n\t\t\t\t<div class=\"sow-slide-nav sow-slide-nav-next\">\n\t\t\t\t\t<a href=\"#\" data-goto=\"next\" aria-label=\"Next slide\" data-action=\"next\">\n\t\t\t\t\t\t<em class=\"sow-sld-icon-thin-right\"><\/em>\n\t\t\t\t\t<\/a>\n\t\t\t\t<\/div>\n\n\t\t\t\t<div class=\"sow-slide-nav sow-slide-nav-prev\">\n\t\t\t\t\t<a href=\"#\" data-goto=\"previous\" aria-label=\"Previous slide\" data-action=\"prev\">\n\t\t\t\t\t\t<em class=\"sow-sld-icon-thin-left\"><\/em>\n\t\t\t\t\t<\/a>\n\t\t\t\t<\/div>\n\t\t\t\t<\/div><\/div><\/div><div id=\"panel-844-0-0-1\" class=\"so-panel widget widget_sow-headline panel-last-child\" data-index=\"1\" ><div\n\t\t\t\n\t\t\tclass=\"so-widget-sow-headline so-widget-sow-headline-default-08ca780a4db4-844\"\n\t\t\t\n\t\t><div class=\"sow-headline-container \">\n\t\t\t\t\t\t\t<h1 class=\"sow-headline\">\n\t\t\t\t\t\tFIT Employability Pass: Vorteile f\u00fcr Ihr Unternehmen\t\t\t\t\t\t<\/h1>\n\t\t\t\t\t\t\t\t\t\t\t<div class=\"decoration\">\n\t\t\t\t\t\t<div class=\"decoration-inside\"><\/div>\n\t\t\t\t\t<\/div>\n\t\t\t\t\t<\/div>\n<\/div><\/div><\/div><\/div><\/div><div id=\"pg-844-1\"  class=\"panel-grid panel-has-style\" ><div class=\"panel-row-style panel-row-style-for-844-1\" ><div id=\"pgc-844-1-0\"  class=\"panel-grid-cell\" ><div id=\"panel-844-1-0-0\" class=\"so-panel widget widget_media_image panel-first-child\" data-index=\"2\" ><h3 class=\"widget-title\">FIT in Siegen<\/h3><img loading=\"lazy\" decoding=\"async\" width=\"1748\" height=\"1240\" src=\"https:\/\/blogs.uni-siegen.de\/sieguver\/files\/2025\/08\/Postkarte-FIT-148-x105-mm-2.png\" class=\"image wp-image-2565  attachment-full size-full\" alt=\"\" style=\"max-width: 100%; height: auto;\" title=\"FIT in Siegen\" srcset=\"https:\/\/blogs.uni-siegen.de\/sieguver\/files\/2025\/08\/Postkarte-FIT-148-x105-mm-2.png 1748w, https:\/\/blogs.uni-siegen.de\/sieguver\/files\/2025\/08\/Postkarte-FIT-148-x105-mm-2-300x213.png 300w, https:\/\/blogs.uni-siegen.de\/sieguver\/files\/2025\/08\/Postkarte-FIT-148-x105-mm-2-1024x726.png 1024w, https:\/\/blogs.uni-siegen.de\/sieguver\/files\/2025\/08\/Postkarte-FIT-148-x105-mm-2-768x545.png 768w, https:\/\/blogs.uni-siegen.de\/sieguver\/files\/2025\/08\/Postkarte-FIT-148-x105-mm-2-1536x1090.png 1536w\" sizes=\"auto, 100vw\" \/><\/div><div id=\"panel-844-1-0-1\" class=\"so-panel widget widget_sow-editor\" data-index=\"3\" ><div\n\t\t\t\n\t\t\tclass=\"so-widget-sow-editor so-widget-sow-editor-base\"\n\t\t\t\n\t\t>\n<div class=\"siteorigin-widget-tinymce textwidget\">\n\t<p data-start=\"214\" data-end=\"656\">Im Rahmen des Projekts <strong data-start=\"237\" data-end=\"272\">\u201eForging International Talents\u201c<\/strong> durchlaufen internationale Studierende eine umfassende Ausbildung, die sie vom Studienstart bis zum Einstieg in den regionalen Arbeitsmarkt begleitet.<\/p>\n<p>Das Programm basiert auf einem <strong data-start=\"689\" data-end=\"711\">Vier-S\u00e4ulen-Modell<\/strong>:<br \/>\nAnkommen in Siegen, soziale Integration, Arbeitsmarktbef\u00e4higung, Vernetzung mit Unternehmen<\/p>\n<p data-start=\"214\" data-end=\"656\">Die <strong>Inhalte<\/strong> reichen von Employability-Trainings, Workshops zur Kompetenzentwicklung und interkulturellen Trainings \u00fcber Resilienz-Workshops und Deutsch-Sprachkurse bis hin zu gemeinsamen Veranstaltungen mit Studierenden und B\u00fcrger*innen zur F\u00f6rderung der sozialen Integration. Der individuelle Fortschritt wird im <strong data-start=\"1163\" data-end=\"1185\">Employability Pass<\/strong> dokumentiert. Wer Veranstaltungen aus allen vier S\u00e4ulen besucht und dabei eine bestimmte Anzahl an Punkten sammelt, schlie\u00dft den Pass erfolgreich ab und erh\u00e4lt ein <strong data-start=\"1350\" data-end=\"1399\">offizielles Zertifikat der Universit\u00e4t Siegen<\/strong>, das die erworbenen Kompetenzen und F\u00e4higkeiten bescheinigt \u2013 ein wertvoller Nachweis f\u00fcr zuk\u00fcnftige Bewerbungen und ein <strong>hilfreicher Indikator f\u00fcr Ihr Unternehmen<\/strong>.<\/p>\n<hr \/>\n<h2><span style=\"color: #000000\"><strong>Mehrwert f\u00fcr Ihr Unternehmen:<\/strong><\/span><\/h2>\n<ol>\n<li><strong>Qualifizierte Talente<\/strong>:\n<ul>\n<li>Der Employability Pass best\u00e4tigt, dass die Studierenden \u00fcber die notwendigen F\u00e4higkeiten und Kenntnisse verf\u00fcgen, die sie f\u00fcr den deutschen Arbeitsmarkt bef\u00e4higen. Arbeitgeber k\u00f6nnen sicher sein, dass die Absolventen gut vorbereitet sind, um in ihren Unternehmen erfolgreich zu sein.<\/li>\n<\/ul>\n<\/li>\n<li><strong>Regional Verbundenheit<\/strong>\n<ul>\n<li>Durch die vielf\u00e4ltigen Angebote des FIT-Projekts kn\u00fcpfen internationale Studierende fr\u00fchzeitig Kontakte zu Menschen aus der Region \u2013 sei es zu Mitstudierenden, lokalen Vereinen oder engagierten B\u00fcrger*innen. Diese sozialen Verbindungen st\u00e4rken die regionale Verbundenheit und erh\u00f6hen die Bereitschaft, nach dem Studium in der Region zu bleiben und eine berufliche Perspektive bei einem regionalen Unternehmen zu verfolgen.<\/li>\n<\/ul>\n<\/li>\n<li><strong>Interkulturelle Kompetenz<\/strong>:\n<ul>\n<li>Durch das interkulturelle Training erwerben die Studierenden wertvolle F\u00e4higkeiten, die es ihnen erm\u00f6glichen, in multikulturellen Teams zu arbeiten. Dies ist besonders vorteilhaft f\u00fcr Unternehmen, die in einem globalisierten Umfeld agieren oder vielf\u00e4ltige Belegschaften haben.<\/li>\n<\/ul>\n<\/li>\n<li><strong>Optimierte Bewerbungsprozesse<\/strong>:\n<ul>\n<li>Die Ausbildung in Bewerbungsschreiben und Vorstellungsgespr\u00e4chen sorgt daf\u00fcr, dass die Studierenden in der Lage sind, sich professionell und zielgerichtet zu pr\u00e4sentieren. Dies erleichtert den Unternehmen die Auswahl geeigneter Kandidaten, da diese bereits mit den Anforderungen des deutschen Arbeitsmarktes vertraut sind.<\/li>\n<\/ul>\n<\/li>\n<li><strong>Engagierte Mitarbeitende<\/strong>:\n<ul>\n<li>Studierende, die den Employability Pass erwerben, zeigen ein hohes Ma\u00df an Engagement f\u00fcr ihre berufliche Entwicklung. Dies spiegelt sich in ihrer Motivation wider, die sich positiv auf die Unternehmenskultur auswirken kann.<\/li>\n<\/ul>\n<\/li>\n<li><strong>Zugang zu einem Netzwerk<\/strong>:\n<ul>\n<li>Unternehmen profitieren von einem Netzwerk engagierter und qualifizierter internationaler Talente. Dies er\u00f6ffnet neue M\u00f6glichkeiten zur Rekrutierung und Zusammenarbeit.<\/li>\n<\/ul>\n<\/li>\n<li><strong>Nachhaltige Integration<\/strong>:\n<ul>\n<li>Durch die Unterst\u00fctzung von Studierenden auf ihrem Weg in den deutschen Arbeitsmarkt tragen Unternehmen aktiv zur nachhaltigen Integration und Diversit\u00e4t in ihrer Belegschaft bei. Dies f\u00f6rdert nicht nur das Unternehmensimage, sondern auch die gesellschaftliche Verantwortung.<\/li>\n<\/ul>\n<\/li>\n<\/ol>\n<\/div>\n<\/div><\/div><div id=\"panel-844-1-0-2\" class=\"so-panel widget widget_sow-cta panel-last-child\" data-index=\"4\" ><div\n\t\t\t\n\t\t\tclass=\"so-widget-sow-cta so-widget-sow-cta-default-6467442c1346-844\"\n\t\t\t\n\t\t><div\n\tclass=\"sow-cta-base\"\n\t>\n\t\n\t<div class=\"sow-cta-wrapper\">\n\n\t\t<div class=\"sow-cta-text\">\n\t\t\t\t\t\t\t<h4 class=\"sow-cta-title\">\n\t\t\t\t\tFIT in Siegen\t\t\t\t<\/h4>\n\t\t\t\n\t\t\t\t\t\t\t<h4 class=\"sow-cta-subtitle\">\n\t\t\t\t\tMehr Informationen finden Sie auf der offiziellen Projektseite:\t\t\t\t<\/h4>\n\t\t\t\t\t<\/div>\n\n\t\t<div\n\t\t\t\n\t\t\tclass=\"so-widget-sow-button so-widget-sow-button-flat-36e22cfc6189\"\n\t\t\t\n\t\t><div class=\"ow-button-base ow-button-align-center\"\n>\n\t\t\t<a\n\t\t\t\t\thref=\"https:\/\/blogs.uni-siegen.de\/fit-in-siegen\/\"\n\t\t\t\t\tclass=\"sowb-button ow-icon-placement-left ow-button-hover\" target=\"_blank\" rel=\"noopener noreferrer\" \t>\n\t\t<span>\n\t\t\t<span class=\"sow-icon-fontawesome sow-far\" data-sow-icon=\"&#xf35a;\"\n\t\tstyle=\"\" \n\t\taria-hidden=\"true\"><\/span>\n\t\t\tFIT Siegen\t\t<\/span>\n\t\t\t<\/a>\n\t<\/div>\n<\/div>\n\t<\/div>\n\n\t<\/div>\n<\/div><\/div><\/div><\/div><\/div><div id=\"pg-844-2\"  class=\"panel-grid panel-no-style\" ><div id=\"pgc-844-2-0\"  class=\"panel-grid-cell panel-grid-cell-empty\" ><\/div><\/div><\/div>","protected":false},"excerpt":{"rendered":"<p>Im Rahmen des Projekts \u201eForging International Talents\u201c durchlaufen internationale Studierende eine umfassende Ausbildung, die sie vom Studienstart bis zum Einstieg in den regionalen Arbeitsmarkt begleitet. Das Programm basiert auf einem Vier-S\u00e4ulen-Modell: Ankommen in Siegen, soziale Integration, Arbeitsmarktbef\u00e4higung, Vernetzung mit Unternehmen Die Inhalte reichen von Employability-Trainings, Workshops zur Kompetenzentwicklung und interkulturellen Trainings \u00fcber Resilienz-Workshops und Deutsch-Sprachkurse &hellip; <\/p>\n<p class=\"link-more\"><a href=\"https:\/\/blogs.uni-siegen.de\/sieguver\/sieguver-angebote\/kontakt-zu-internationalen-talenten\/fit-employability-pass\/\" class=\"more-link\"><span class=\"screen-reader-text\">\u201eFIT Employability Pass\u201c <\/span>weiterlesen<\/a><\/p>\n","protected":false},"author":467,"featured_media":0,"parent":376,"menu_order":0,"comment_status":"closed","ping_status":"closed","template":"","meta":{"footnotes":""},"class_list":["post-844","page","type-page","status-publish","hentry"],"_links":{"self":[{"href":"https:\/\/blogs.uni-siegen.de\/sieguver\/wp-json\/wp\/v2\/pages\/844","targetHints":{"allow":["GET"]}}],"collection":[{"href":"https:\/\/blogs.uni-siegen.de\/sieguver\/wp-json\/wp\/v2\/pages"}],"about":[{"href":"https:\/\/blogs.uni-siegen.de\/sieguver\/wp-json\/wp\/v2\/types\/page"}],"author":[{"embeddable":true,"href":"https:\/\/blogs.uni-siegen.de\/sieguver\/wp-json\/wp\/v2\/users\/467"}],"replies":[{"embeddable":true,"href":"https:\/\/blogs.uni-siegen.de\/sieguver\/wp-json\/wp\/v2\/comments?post=844"}],"version-history":[{"count":40,"href":"https:\/\/blogs.uni-siegen.de\/sieguver\/wp-json\/wp\/v2\/pages\/844\/revisions"}],"predecessor-version":[{"id":2638,"href":"https:\/\/blogs.uni-siegen.de\/sieguver\/wp-json\/wp\/v2\/pages\/844\/revisions\/2638"}],"up":[{"embeddable":true,"href":"https:\/\/blogs.uni-siegen.de\/sieguver\/wp-json\/wp\/v2\/pages\/376"}],"wp:attachment":[{"href":"https:\/\/blogs.uni-siegen.de\/sieguver\/wp-json\/wp\/v2\/media?parent=844"}],"curies":[{"name":"wp","href":"https:\/\/api.w.org\/{rel}","templated":true}]}}