{"id":642,"date":"2024-05-31T16:01:04","date_gmt":"2024-05-31T14:01:04","guid":{"rendered":"https:\/\/blogs.uni-siegen.de\/strongertogether\/?page_id=642"},"modified":"2024-05-31T16:01:04","modified_gmt":"2024-05-31T14:01:04","slug":"impressum","status":"publish","type":"page","link":"https:\/\/blogs.uni-siegen.de\/strongertogether\/impressum\/","title":{"rendered":"Impressum"},"content":{"rendered":"<section id=\"block-15\" class=\"widget widget_block\">\n<h2 class=\"wp-block-heading\">Herausgeber<\/h2>\n<\/section>\n<section id=\"block-16\" class=\"widget widget_block\">\n<h3 class=\"wp-block-heading\">Universit\u00e4t Siegen<br \/>\nInternational Office<\/h3>\n<\/section>\n<section id=\"block-17\" class=\"widget widget_block widget_text\">Sandtra\u00dfe 16-18<br \/>\n57072 Siegen<br \/>\nE-Mail: isa-incoming@zv.uni-siegen.de<br \/>\nTelefon: +49 271 740-3916<\/section>\n<section id=\"block-18\" class=\"widget widget_block widget_text\">Die Universit\u00e4t Siegen ist eine vom Land Nordrhein-Westfalen getragene, rechtsf\u00e4hige K\u00f6rperschaft des \u00f6ffentlichen Rechts.<br \/>\nSie wird vertreten durch die Rektorin Univ.-Prof. Dr. Stefanie Reese.<\/section>\n<section id=\"block-19\" class=\"widget widget_block\">\n<h4 class=\"wp-block-heading\">Zust\u00e4ndige Aufsichtsbeh\u00f6rde<\/h4>\n<\/section>\n<section id=\"block-20\" class=\"widget widget_block widget_text\">Ministerium f\u00fcr Kultur und Wissenschaft des Landes Nordrhein-Westfalen.<\/section>\n<section id=\"block-21\" class=\"widget widget_block widget_text\">Umsatzsteuer-Identifikationsnummer gem\u00e4\u00df \u00a7 27 a Umsatzsteuergesetz: DE 154854171.<\/section>\n<section id=\"block-22\" class=\"widget widget_block\">\n<h3 class=\"wp-block-heading\">Technische Durchf\u00fchrung:<\/h3>\n<\/section>\n<section id=\"block-23\" class=\"widget widget_block widget_text\">Zentrum f\u00fcr Informations- und Medientechnologie (ZIMT)<\/section>\n<section id=\"block-24\" class=\"widget widget_block\">\n<h2 class=\"wp-block-heading\">Haftungsausschluss<\/h2>\n<\/section>\n<section id=\"block-25\" class=\"widget widget_block widget_text\">Trotz sorgf\u00e4ltiger inhaltlicher Kontrolle \u00fcbernehmen wir keine Haftung f\u00fcr die Inhalte externer Links. Sie stellen kein Angebot der Universit\u00e4t Siegen dar. F\u00fcr den Inhalt der verlinkten Seiten sind ausschlie\u00dflich deren Betreiber verantwortlich. Die Universit\u00e4t distanziert sich ausdr\u00fccklich von den Inhalten und macht sich diese in keinster Weise zu Eigen.<\/section>\n<section id=\"block-26\" class=\"widget widget_block\">\n<h2 class=\"wp-block-heading\">Copyright<\/h2>\n<\/section>\n<section id=\"block-27\" class=\"widget widget_block widget_text\">Die Urheber- und Nutzungsrechte (Copyright) f\u00fcr Texte, Grafiken, Bilder, Design und Quellcode liegen bei der Universit\u00e4t Siegen bzw. bei den jeweils verlinkten Einrichtungen. Die Erstellung, Verwendung und Weitergabe von Kopien in elektronischer oder ausgedruckter Form bedarf der Genehmigung.<\/section>\n","protected":false},"excerpt":{"rendered":"<p>Herausgeber Universit\u00e4t Siegen International Office Sandtra\u00dfe 16-18 57072 Siegen E-Mail: isa-incoming@zv.uni-siegen.de Telefon: +49 271 740-3916 Die Universit\u00e4t Siegen ist eine vom Land Nordrhein-Westfalen getragene, rechtsf\u00e4hige K\u00f6rperschaft des \u00f6ffentlichen Rechts. Sie wird vertreten durch die Rektorin Univ.-Prof. Dr. Stefanie Reese. Zust\u00e4ndige Aufsichtsbeh\u00f6rde Ministerium f\u00fcr Kultur und Wissenschaft des Landes Nordrhein-Westfalen. Umsatzsteuer-Identifikationsnummer gem\u00e4\u00df \u00a7 27 a Umsatzsteuergesetz: &hellip; <\/p>\n<p class=\"link-more\"><a href=\"https:\/\/blogs.uni-siegen.de\/strongertogether\/impressum\/\" class=\"more-link\"><span class=\"screen-reader-text\">\u201eImpressum\u201c <\/span>weiterlesen<\/a><\/p>\n","protected":false},"author":383,"featured_media":0,"parent":0,"menu_order":0,"comment_status":"closed","ping_status":"closed","template":"","meta":{"footnotes":""},"class_list":["post-642","page","type-page","status-publish","hentry"],"_links":{"self":[{"href":"https:\/\/blogs.uni-siegen.de\/strongertogether\/wp-json\/wp\/v2\/pages\/642","targetHints":{"allow":["GET"]}}],"collection":[{"href":"https:\/\/blogs.uni-siegen.de\/strongertogether\/wp-json\/wp\/v2\/pages"}],"about":[{"href":"https:\/\/blogs.uni-siegen.de\/strongertogether\/wp-json\/wp\/v2\/types\/page"}],"author":[{"embeddable":true,"href":"https:\/\/blogs.uni-siegen.de\/strongertogether\/wp-json\/wp\/v2\/users\/383"}],"replies":[{"embeddable":true,"href":"https:\/\/blogs.uni-siegen.de\/strongertogether\/wp-json\/wp\/v2\/comments?post=642"}],"version-history":[{"count":1,"href":"https:\/\/blogs.uni-siegen.de\/strongertogether\/wp-json\/wp\/v2\/pages\/642\/revisions"}],"predecessor-version":[{"id":643,"href":"https:\/\/blogs.uni-siegen.de\/strongertogether\/wp-json\/wp\/v2\/pages\/642\/revisions\/643"}],"wp:attachment":[{"href":"https:\/\/blogs.uni-siegen.de\/strongertogether\/wp-json\/wp\/v2\/media?parent=642"}],"curies":[{"name":"wp","href":"https:\/\/api.w.org\/{rel}","templated":true}]}}