{"id":192,"date":"2021-11-03T13:53:06","date_gmt":"2021-11-03T12:53:06","guid":{"rendered":"https:\/\/blogs.uni-siegen.de\/supervise-me\/?page_id=192"},"modified":"2022-01-27T14:22:30","modified_gmt":"2022-01-27T13:22:30","slug":"veroeffentlichungen","status":"publish","type":"page","link":"https:\/\/blogs.uni-siegen.de\/supervise-me\/veroeffentlichungen\/","title":{"rendered":"Ver\u00f6ffentlichungen"},"content":{"rendered":"<p style=\"text-align: center\">Die Tagung <em>Supervise Me! <\/em>bot ihren Teilnehmern am 16. und 17. Juli 2021 sechs Vortr\u00e4ge rund um das Thema \u00dcberwachung und Kontrolle. Im Rahmen des Projekts <em>Medien der \u00dcberwachung<\/em> erarbeiteten die Studierenden zus\u00e4tzlich eine schriftliche Ausarbeitung pro Vortrag, um die Ergebnisse ihrer Bem\u00fchungen festzuhalten. Diese Ausarbeitungen sind nun hier einsehbar, zusammen mit einer Einleitung in die Tagung, welche als kontextuelle Rahmung und Res\u00fcmee der Vortragsdiskussionen dient.<\/p>\n<hr \/>\n<h3 style=\"text-align: center\">Einleitung: Supervise Me! Chancen und Risiken der medialen Kontrollgesellschaft<\/h3>\n<p style=\"text-align: center\"><em>Malin Schmitz, Leon Ohlenmacher, N.N.<br \/>\n<\/em><\/p>\n<p style=\"text-align: center\"><a href=\"http:\/\/blogs.uni-siegen.de\/supervise-me\/files\/2022\/01\/Supervise-Me-Einleitung_01.pdf\">F\u00fcr das PDF-Dokument hier klicken.<\/a><\/p>\n<hr \/>\n<h3 style=\"text-align: center\">Video\u00fcberwachung im \u00d6ffentlichen Raum \u2013 Chancen und Risiken<\/h3>\n<p style=\"text-align: center\"><em>Jana Neurohr, Madlen Spittel, Svenja Nieswandt, Benedikt Schneider<\/em><\/p>\n<p style=\"text-align: center\"><a href=\"http:\/\/blogs.uni-siegen.de\/supervise-me\/files\/2021\/11\/Medien-der-U\u0308berwachung-Videou\u0308berwachung-im-o\u0308ffentlichen-Raum.pdf\" target=\"_blank\" rel=\"noopener\">F\u00fcr das PDF-Dokument hier klicken.<\/a><\/p>\n<hr \/>\n<h3 style=\"text-align: center\">Formen medialer \u00dcberwachung in den Medien<\/h3>\n<p style=\"text-align: center\"><em>Timo Kradepohl, Laura Burghaus, Bianca Jankowski, Henri von der Heiden<\/em><\/p>\n<p style=\"text-align: center\"><a href=\"http:\/\/blogs.uni-siegen.de\/supervise-me\/files\/2021\/11\/Formen-medialer-Ueberwachung-in-den-Medien.pdf\" target=\"_blank\" rel=\"noopener\">F\u00fcr das PDF-Dokument hier klicken.<\/a><\/p>\n<hr \/>\n<h3 style=\"text-align: center\">Softwaregest\u00fctzte \u00dcberwachung und Kontrolle in Unternehmen<\/h3>\n<p style=\"text-align: center\"><strong>Ziele, Potentiale und Risiken von People Analytics im Rahmen der F\u00fchrung von Mitarbeiterinnen und Mitarbeitern im Home-Office<\/strong><\/p>\n<p style=\"text-align: center\"><em>Andreas Graskamp, Jessica Konrad<\/em><\/p>\n<p style=\"text-align: center\"><a href=\"http:\/\/blogs.uni-siegen.de\/supervise-me\/files\/2021\/11\/Softwaregestu\u0308tzte-U\u0308berwachung-und-Kontrolle-in-Unternehmen-Ziele-Potentiale-und-Risiken.pdf\" target=\"_blank\" rel=\"noopener\">F\u00fcr das PDF-Dokument hier klicken.<\/a><\/p>\n<hr \/>\n<h3 style=\"text-align: center\">Marketing und mediale Kontrolle<\/h3>\n<p style=\"text-align: center\"><em>Sonja Bruch, Annette Krikun, Carola Sobbe, Daria Weidlich<\/em><\/p>\n<p style=\"text-align: center\"><a href=\"http:\/\/blogs.uni-siegen.de\/supervise-me\/files\/2021\/11\/Marketing-und-mediale-Kontrolle.pdf\" target=\"_blank\" rel=\"noopener\">F\u00fcr das PDF-Dokument hier klicken.<\/a><\/p>\n<hr \/>\n<h3 style=\"text-align: center\">Self-Tracking: Chancen und Risiken digitaler Selbstvermessungstechniken f\u00fcr das Individuum<\/h3>\n<p style=\"text-align: center\"><em>Sabrina Kr\u00e4mer, Felix Richter, Jessica Knodel<\/em><\/p>\n<p style=\"text-align: center\"><a href=\"http:\/\/blogs.uni-siegen.de\/supervise-me\/files\/2021\/12\/Self-Tracking-Chancen-und-Risiken.pdf\" target=\"_blank\" rel=\"noopener\">F\u00fcr das PDF-Dokument hier klicken.<\/a><\/p>\n<hr \/>\n<h3 style=\"text-align: center\">\u00dcberwachung als Herausforderung f\u00fcr die Autonomie des Individuums<\/h3>\n<p style=\"text-align: center\"><em>Charlotte Bachmann-Weber, Cynthia May, Fabian Bhatti, Markus Orlowski<\/em><\/p>\n<p style=\"text-align: center\"><a href=\"http:\/\/blogs.uni-siegen.de\/supervise-me\/files\/2021\/11\/Ueberwachung-als-Herausforderung-fuer-die-Autonomie.pdf\" target=\"_blank\" rel=\"noopener\">F\u00fcr das PDF-Dokument hier klicken.<\/a><\/p>\n","protected":false},"excerpt":{"rendered":"<p>Die Tagung Supervise Me! bot ihren Teilnehmern am 16. und 17. Juli 2021 sechs Vortr\u00e4ge rund um das Thema \u00dcberwachung und Kontrolle. Im Rahmen des Projekts Medien der \u00dcberwachung erarbeiteten die Studierenden zus\u00e4tzlich eine schriftliche Ausarbeitung pro Vortrag, um die Ergebnisse ihrer Bem\u00fchungen festzuhalten. Diese Ausarbeitungen sind nun hier einsehbar, zusammen mit einer Einleitung in [&hellip;]<\/p>\n","protected":false},"author":502,"featured_media":104,"parent":0,"menu_order":0,"comment_status":"closed","ping_status":"closed","template":"templates\/template-cover.php","meta":{"footnotes":""},"class_list":["post-192","page","type-page","status-publish","has-post-thumbnail","hentry"],"_links":{"self":[{"href":"https:\/\/blogs.uni-siegen.de\/supervise-me\/wp-json\/wp\/v2\/pages\/192","targetHints":{"allow":["GET"]}}],"collection":[{"href":"https:\/\/blogs.uni-siegen.de\/supervise-me\/wp-json\/wp\/v2\/pages"}],"about":[{"href":"https:\/\/blogs.uni-siegen.de\/supervise-me\/wp-json\/wp\/v2\/types\/page"}],"author":[{"embeddable":true,"href":"https:\/\/blogs.uni-siegen.de\/supervise-me\/wp-json\/wp\/v2\/users\/502"}],"replies":[{"embeddable":true,"href":"https:\/\/blogs.uni-siegen.de\/supervise-me\/wp-json\/wp\/v2\/comments?post=192"}],"version-history":[{"count":19,"href":"https:\/\/blogs.uni-siegen.de\/supervise-me\/wp-json\/wp\/v2\/pages\/192\/revisions"}],"predecessor-version":[{"id":230,"href":"https:\/\/blogs.uni-siegen.de\/supervise-me\/wp-json\/wp\/v2\/pages\/192\/revisions\/230"}],"wp:featuredmedia":[{"embeddable":true,"href":"https:\/\/blogs.uni-siegen.de\/supervise-me\/wp-json\/wp\/v2\/media\/104"}],"wp:attachment":[{"href":"https:\/\/blogs.uni-siegen.de\/supervise-me\/wp-json\/wp\/v2\/media?parent=192"}],"curies":[{"name":"wp","href":"https:\/\/api.w.org\/{rel}","templated":true}]}}