{"id":25,"date":"2021-06-08T15:08:35","date_gmt":"2021-06-08T13:08:35","guid":{"rendered":"https:\/\/blogs.uni-siegen.de\/supervise-me\/?page_id=25"},"modified":"2021-07-14T13:36:37","modified_gmt":"2021-07-14T11:36:37","slug":"programm","status":"publish","type":"page","link":"https:\/\/blogs.uni-siegen.de\/supervise-me\/programm\/","title":{"rendered":"Programm"},"content":{"rendered":"<h2>16.07.2021<\/h2>\n<table>\n<tbody>\n<tr>\n<td><strong>14:00 Uhr<\/strong><\/td>\n<td>Begr\u00fc\u00dfung<\/td>\n<\/tr>\n<tr>\n<td><strong>14:20 Uhr<\/strong><\/td>\n<td>Video\u00fcberwachung im \u00d6ffentlichen Raum &#8211; Chancen und Risiken<\/td>\n<\/tr>\n<tr>\n<td><strong>15:40 Uhr<\/strong><\/td>\n<td>Kaffeepause<\/td>\n<\/tr>\n<tr>\n<td><strong>15:55 Uhr<\/strong><\/td>\n<td>Formen medialer \u00dcberwachung in den Medien<\/td>\n<\/tr>\n<tr>\n<td><strong>17:15 Uhr<\/strong><\/td>\n<td>Zwischenpause<\/td>\n<\/tr>\n<tr>\n<td><strong>17:45 Uhr<\/strong><\/td>\n<td>Softwaregest\u00fctzte \u00dcberwachung und Kontrolle in Unternehmen<\/td>\n<\/tr>\n<tr>\n<td><strong>18:45 Uhr<\/strong><\/td>\n<td>Getr\u00e4nkepause<\/td>\n<\/tr>\n<tr>\n<td><strong>19:00 Uhr<\/strong><\/td>\n<td>Abschlussdiskussion<\/td>\n<\/tr>\n<\/tbody>\n<\/table>\n<h2>17.07.2021<\/h2>\n<table>\n<tbody>\n<tr>\n<td><strong>09:00 Uhr<\/strong><\/td>\n<td>Begr\u00fc\u00dfung<\/td>\n<\/tr>\n<tr>\n<td><strong>09:15 Uhr<\/strong><\/td>\n<td>Marketing &amp; mediale Kontrolle<\/td>\n<\/tr>\n<tr>\n<td><strong>10:35 Uhr<\/strong><\/td>\n<td>Kaffeepause<\/td>\n<\/tr>\n<tr>\n<td><strong>10:50 Uhr<\/strong><\/td>\n<td>Self-Tracking: Chancen und Risiken digitaler Selbstvermessungstechniken f\u00fcr das Individuum<\/td>\n<\/tr>\n<tr>\n<td><strong>11:50 Uhr<\/strong><\/td>\n<td>Mittagspause &amp; Yoga<\/td>\n<\/tr>\n<tr>\n<td><strong>12:20 Uhr<\/strong><\/td>\n<td>\u00dcberwachung als Herausforderung f\u00fcr die Autonomie des Individuums<\/td>\n<\/tr>\n<tr>\n<td><strong>13:40 Uhr<\/strong><\/td>\n<td>Abschlussdiskussion und Verabschiedung<\/td>\n<\/tr>\n<\/tbody>\n<\/table>\n","protected":false},"excerpt":{"rendered":"<p>16.07.2021 14:00 Uhr Begr\u00fc\u00dfung 14:20 Uhr Video\u00fcberwachung im \u00d6ffentlichen Raum &#8211; Chancen und Risiken 15:40 Uhr Kaffeepause 15:55 Uhr Formen medialer \u00dcberwachung in den Medien 17:15 Uhr Zwischenpause 17:45 Uhr Softwaregest\u00fctzte \u00dcberwachung und Kontrolle in Unternehmen 18:45 Uhr Getr\u00e4nkepause 19:00 Uhr Abschlussdiskussion 17.07.2021 09:00 Uhr Begr\u00fc\u00dfung 09:15 Uhr Marketing &amp; mediale Kontrolle 10:35 Uhr Kaffeepause [&hellip;]<\/p>\n","protected":false},"author":502,"featured_media":104,"parent":0,"menu_order":0,"comment_status":"closed","ping_status":"closed","template":"templates\/template-cover.php","meta":{"footnotes":""},"class_list":["post-25","page","type-page","status-publish","has-post-thumbnail","hentry"],"_links":{"self":[{"href":"https:\/\/blogs.uni-siegen.de\/supervise-me\/wp-json\/wp\/v2\/pages\/25","targetHints":{"allow":["GET"]}}],"collection":[{"href":"https:\/\/blogs.uni-siegen.de\/supervise-me\/wp-json\/wp\/v2\/pages"}],"about":[{"href":"https:\/\/blogs.uni-siegen.de\/supervise-me\/wp-json\/wp\/v2\/types\/page"}],"author":[{"embeddable":true,"href":"https:\/\/blogs.uni-siegen.de\/supervise-me\/wp-json\/wp\/v2\/users\/502"}],"replies":[{"embeddable":true,"href":"https:\/\/blogs.uni-siegen.de\/supervise-me\/wp-json\/wp\/v2\/comments?post=25"}],"version-history":[{"count":37,"href":"https:\/\/blogs.uni-siegen.de\/supervise-me\/wp-json\/wp\/v2\/pages\/25\/revisions"}],"predecessor-version":[{"id":187,"href":"https:\/\/blogs.uni-siegen.de\/supervise-me\/wp-json\/wp\/v2\/pages\/25\/revisions\/187"}],"wp:featuredmedia":[{"embeddable":true,"href":"https:\/\/blogs.uni-siegen.de\/supervise-me\/wp-json\/wp\/v2\/media\/104"}],"wp:attachment":[{"href":"https:\/\/blogs.uni-siegen.de\/supervise-me\/wp-json\/wp\/v2\/media?parent=25"}],"curies":[{"name":"wp","href":"https:\/\/api.w.org\/{rel}","templated":true}]}}