{"id":31,"date":"2021-06-08T15:09:08","date_gmt":"2021-06-08T13:09:08","guid":{"rendered":"https:\/\/blogs.uni-siegen.de\/supervise-me\/?page_id=31"},"modified":"2021-06-24T12:42:37","modified_gmt":"2021-06-24T10:42:37","slug":"anmeldung","status":"publish","type":"page","link":"https:\/\/blogs.uni-siegen.de\/supervise-me\/anmeldung\/","title":{"rendered":"Tagungsanmeldung &amp; Tagungstool"},"content":{"rendered":"<p style=\"text-align: center\">Die Online Tagung <em>Supervise Me! Chancen und Risiken der medialen Kontrollgesellschaft<\/em> findet am 16. &amp; 17. Juli 2021 via BigBlueButton statt.<\/p>\n<p style=\"text-align: center\">Um an der Tagung teilzunehmen, senden Sie bitte eine formlose Anfrage an die E-Mail-Adresse<strong> <a href=\"mailto:superviseme@gmx.de\">superviseme@gmx.de<\/a><\/strong>. Vor Beginn der Tagung werden Sie dann einen Link zur Teilnahme auf Ihre Absendeadresse erhalten. Ihre E-Mail-Adresse wird bis zur Tagung zu Kontaktzwecken gespeichert und unmittelbar danach gel\u00f6scht.<\/p>\n<p style=\"text-align: center\">Das Tagungstool <em>BigBlueButton<\/em> ist ein Webkonferenzsystem auf Open-Source-Basis und besonders gut f\u00fcr Pr\u00e4sentationen und Vortr\u00e4ge geeignet. Falls Sie sich bereits vor der Tagung in das Tool einfinden wollen, finden Sie auf der Website der Entwickler eine Reihe von Videos, welche die Funktionen des Tools erl\u00e4utern: <a href=\"https:\/\/bigbluebutton.org\/teachers\/tutorials\/\" target=\"_blank\" rel=\"noopener\">https:\/\/bigbluebutton.org\/teachers\/tutorials\/<\/a><\/p>\n","protected":false},"excerpt":{"rendered":"<p>Die Online Tagung Supervise Me! Chancen und Risiken der medialen Kontrollgesellschaft findet am 16. &amp; 17. Juli 2021 via BigBlueButton statt. Um an der Tagung teilzunehmen, senden Sie bitte eine formlose Anfrage an die E-Mail-Adresse superviseme@gmx.de. Vor Beginn der Tagung werden Sie dann einen Link zur Teilnahme auf Ihre Absendeadresse erhalten. Ihre E-Mail-Adresse wird bis [&hellip;]<\/p>\n","protected":false},"author":502,"featured_media":104,"parent":0,"menu_order":0,"comment_status":"closed","ping_status":"closed","template":"templates\/template-cover.php","meta":{"footnotes":""},"class_list":["post-31","page","type-page","status-publish","has-post-thumbnail","hentry"],"_links":{"self":[{"href":"https:\/\/blogs.uni-siegen.de\/supervise-me\/wp-json\/wp\/v2\/pages\/31","targetHints":{"allow":["GET"]}}],"collection":[{"href":"https:\/\/blogs.uni-siegen.de\/supervise-me\/wp-json\/wp\/v2\/pages"}],"about":[{"href":"https:\/\/blogs.uni-siegen.de\/supervise-me\/wp-json\/wp\/v2\/types\/page"}],"author":[{"embeddable":true,"href":"https:\/\/blogs.uni-siegen.de\/supervise-me\/wp-json\/wp\/v2\/users\/502"}],"replies":[{"embeddable":true,"href":"https:\/\/blogs.uni-siegen.de\/supervise-me\/wp-json\/wp\/v2\/comments?post=31"}],"version-history":[{"count":11,"href":"https:\/\/blogs.uni-siegen.de\/supervise-me\/wp-json\/wp\/v2\/pages\/31\/revisions"}],"predecessor-version":[{"id":163,"href":"https:\/\/blogs.uni-siegen.de\/supervise-me\/wp-json\/wp\/v2\/pages\/31\/revisions\/163"}],"wp:featuredmedia":[{"embeddable":true,"href":"https:\/\/blogs.uni-siegen.de\/supervise-me\/wp-json\/wp\/v2\/media\/104"}],"wp:attachment":[{"href":"https:\/\/blogs.uni-siegen.de\/supervise-me\/wp-json\/wp\/v2\/media?parent=31"}],"curies":[{"name":"wp","href":"https:\/\/api.w.org\/{rel}","templated":true}]}}